{"id":1594,"date":"2022-10-12T15:10:13","date_gmt":"2022-10-12T13:10:13","guid":{"rendered":"https:\/\/roeck-restaurierung.de\/wordpress\/?page_id=1594"},"modified":"2022-10-12T15:10:13","modified_gmt":"2022-10-12T13:10:13","slug":"impressum-it","status":"publish","type":"page","link":"https:\/\/roeck-restaurierung.de\/wordpress\/it\/impressum-it\/","title":{"rendered":"Impressum (it)"},"content":{"rendered":"[vc_row][vc_column width=&#8220;2\/3&#8243;][vc_column_text]<strong>Verantwortlich f\u00fcr den Inhalt:<\/strong><\/p>\n<p>Dipl-Rest. Katharina Martinelli<br \/>\nUSt-ID.: 57 097 48019 \u2028(gem\u00e4\u00df \u00a7 27a Umsatzsteuergesetz)<\/p>\n<p>Trotz sorgf\u00e4ltiger inhaltlicher Kontrolle \u00fcbernehme ich keine Haftung f\u00fcr die Inhalte externer Links. F\u00fcr den Inhalt verlinkter Seiten sind ausschlie\u00dflich deren Betreiber verantwortlich.<\/p>\n<p><b style=\"font-style: inherit;\">Urheberrecht<\/b><\/p>\n<p>Die Inhalte und Werke auf diesen Seiten unterliegen dem deutschen Urheberrecht. Die Vervielf\u00e4ltigung, Bearbeitung, Verbreitung und jede Art der Verwertung au\u00dferhalb der Grenzen des Urheberrechtes bed\u00fcrfen der schriftlichen Zustimmung des jeweiligen Autors bzw. Erstellers. Downloads und Kopien dieser Seite sind nur f\u00fcr den privaten, nicht kommerziellen Gebrauch gestattet. Soweit die Inhalte auf dieser Seite nicht vom Betreiber erstellt wurden, werden die Urheberrechte Dritter beachtet. Insbesondere werden Inhalte Dritter als solche gekennzeichnet. Sollten Sie trotzdem auf eine Urheberrechtsverletzung aufmerksam werden, bitten wir um einen entsprechenden Hinweis. Bei Bekanntwerden von Rechtsverletzungen werden wir derartige Inhalte entfernen.<\/p>\n<p>&nbsp;<\/p>\n<p>Website von\u00a0<a href=\"http:\/\/frehrking.de\" target=\"_blank\" rel=\"noopener noreferrer\">Frehrking, Berlin<\/a>[\/vc_column_text][\/vc_column][vc_column width=&#8220;1\/3&#8243;][\/vc_column][\/vc_row]\n","protected":false},"excerpt":{"rendered":"<p>[vc_row][vc_column width=&#8220;2\/3&#8243;][vc_column_text]Verantwortlich f\u00fcr den Inhalt: Dipl-Rest. Katharina Martinelli USt-ID.: 57 097 48019 \u2028(gem\u00e4\u00df \u00a7 27a Umsatzsteuergesetz) Trotz sorgf\u00e4ltiger inhaltlicher Kontrolle \u00fcbernehme ich keine Haftung f\u00fcr die Inhalte externer Links. F\u00fcr den Inhalt verlinkter Seiten sind ausschlie\u00dflich deren Betreiber verantwortlich. Urheberrecht Die Inhalte und Werke auf diesen Seiten unterliegen dem deutschen Urheberrecht. Die Vervielf\u00e4ltigung, Bearbeitung, Verbreitung&hellip;<\/p>\n","protected":false},"author":1,"featured_media":0,"parent":0,"menu_order":0,"comment_status":"open","ping_status":"open","template":"","meta":{"footnotes":""},"class_list":["post-1594","page","type-page","status-publish","hentry","entry","no-media"],"_links":{"self":[{"href":"https:\/\/roeck-restaurierung.de\/wordpress\/wp-json\/wp\/v2\/pages\/1594","targetHints":{"allow":["GET"]}}],"collection":[{"href":"https:\/\/roeck-restaurierung.de\/wordpress\/wp-json\/wp\/v2\/pages"}],"about":[{"href":"https:\/\/roeck-restaurierung.de\/wordpress\/wp-json\/wp\/v2\/types\/page"}],"author":[{"embeddable":true,"href":"https:\/\/roeck-restaurierung.de\/wordpress\/wp-json\/wp\/v2\/users\/1"}],"replies":[{"embeddable":true,"href":"https:\/\/roeck-restaurierung.de\/wordpress\/wp-json\/wp\/v2\/comments?post=1594"}],"version-history":[{"count":1,"href":"https:\/\/roeck-restaurierung.de\/wordpress\/wp-json\/wp\/v2\/pages\/1594\/revisions"}],"predecessor-version":[{"id":1595,"href":"https:\/\/roeck-restaurierung.de\/wordpress\/wp-json\/wp\/v2\/pages\/1594\/revisions\/1595"}],"wp:attachment":[{"href":"https:\/\/roeck-restaurierung.de\/wordpress\/wp-json\/wp\/v2\/media?parent=1594"}],"curies":[{"name":"wp","href":"https:\/\/api.w.org\/{rel}","templated":true}]}}