{"id":1612,"date":"2022-10-12T15:11:55","date_gmt":"2022-10-12T13:11:55","guid":{"rendered":"https:\/\/roeck-restaurierung.de\/wordpress\/?page_id=1612"},"modified":"2025-01-16T17:46:10","modified_gmt":"2025-01-16T15:46:10","slug":"kuenstler-it","status":"publish","type":"page","link":"https:\/\/roeck-restaurierung.de\/wordpress\/it\/kuenstler-it\/","title":{"rendered":"Artisti"},"content":{"rendered":"[vc_row][vc_column][vc_masonry_media_grid gap=&#8220;20&#8243; item=&#8220;1090&#8243; initial_loading_animation=&#8220;none&#8220; grid_id=&#8220;vc_gid:1737042357888-db06c121-1284-7&#8243; include=&#8220;359,358,357,1356,367,1882&#8243;][\/vc_column][\/vc_row][vc_row][vc_column][vc_column_text]\n<h2>Artisti<\/h2>\n<p style=\"text-align: justify;\"><strong>XX-XXI secolo (selezione)<\/strong><br \/>\nCarla Accardi, Etel Adnan, Kai Althoff, Nevin Aladag, Josef Albers, Cristian Andersen, Kathryn Andrews, Mona Ardeleanu, Arman, John Armleder, Evelyne Axel, Stephan Balkenhol, Georg Baselitz, Basquiat, Thomas Bayrle, Lynda Benglis, Max Bill, Bonfils, AA Bronson, Bertozzi &amp; Casoni, Norbert Bisky, Anna Boghiguian, Cosima von Bonin, Monica Bonvicini, Louise Bourgeois, Martin Boyce, Matti Braun, Marcel Broodthaers, Glenn Brown, Guillaume Bru\u00e8re, Angela Bulloch, Matthew Burbidge, Jonas Burgert, Charles-Pierre Bau, Stefan Bertalan, Tom Burr, James Lee Byars, \u00a0Alexander Calder, Merlin Carpenter, Bertozzi e Casoni, Marc Camille Chaimowicz, Etienne Chamboud, David Clearbout, Claudia Comte, Hanne Darboven, Thomas Demand, Simon Denny, Peter Dreher, Elmgreen &amp; Dragset, Felix Droese, Carroll Dunham, Jimmie Durham, Lukas Duwenh\u00f6gger, Tim Eitel, Olafur Eliasson, Jana Euler, C\u00e9cile B. Evans, Yu Fengli,\u00a0 Morgan Fisher, Christoph Freimann, Simon Fujiwara, Ceal Floyer, G\u00fcnther F\u00f6rg, Katharina Fritsch, Simon Fujiwara, General Idea, Alexander Iskin, Ryan Gander, GCC, Isa Genzken, Adrian Ghenie, Liam Gillick, Kuno Gonschior, Henning Gjedde, Dominique Gonzalez-Foerster, Dan Graham, Tue Greenwood, Joachim Grommek, Wang Guangxi, Wade Guyton, Gretel Haas-Gerber, Pan De Hai, Lewis Hammond, Al Hansen, Rachel Harris, Xenia Hausner, Jeppe Hein, Calla Henkel &amp; Max Pitegoff, Christer Hennix, Camille Henrot, Georg Herold, Gregor Hildebrandt, Thomas Hirschhorn, Ull Hohn, Yngve Holen, Karl Horst H\u00f6dicke, Carsten H\u00f6ller, Pierre Huyghe, J\u00f6rg Immendorf, Inti, Alex Israel, Karolina Jablonska, Ann Veronica Janssens, Wolfgang Joop, D\u00e1vila Jose, Alex Katz, On Kawara, Per Kirkeby, Anselm Kiefer, Annette Kelm, Martin Kippenberger, Imi Knoebel, Yves Klein, Gustav Kluge, Kiki Kogelnik, Arthur K\u00f6pcke, Thomasz Kowalski, Hendrik Krawen, Gabriel Kuri, Beate Kuhn, Alicja Kwade, Donald Judd, Alexandra Leykauf, Sol LeWitt, Roy Lichtenstein, El Lissitzky, Qi Zhi Long, Thomas Locher, Markus L\u00fcpertz, Wolfgang Ludwig, Matthew Lutz-Kinoy, Marwan Kassab-Bachi, Heinz Mack, Goshka Macuga, Conny Maier, Michel Majerius, Kris Martin, Teresa Margolles, Bernhard Martin, Misheck Masamvu, Julie Mehretu, Michaela Meise, Isa Melsheimer, Ana Mendieta, Florin Mitroi, Adrian Morris, Sarah Morris, Otto Nagel, Bruce Nauman, Katja Novitskova, Albert Oehlen, Paulina Olowska, Roman Ond\u00e1k, Laura Owens, Jorge Pardo, Philippe Parreno, Laurie Parsons, Sojourner Truth Parsons, A.R. Penck, Manfred Pernice, Georg Karl Pfahler, Otto Piene, Adrian Piper, \u00a0Alexandra Pirici, Michelangelo Pistoletto, Sigmar Polke, Gaetano Pompa, Richard Prince, Josephine Pryde, Jon Rafman, Jessica Rankin, David Renggli, Daniel Richter, Gerhard Richter, Gerald Rockenschaub, Maximilian R\u00f6del, Ugo Rondinone, Julian Rosenfeld, Dieter Roth, Niki de Saint Phalle, Anri Sala, Karin Sander, Tom\u00e1s Saraceno, Karin Sander, Julia Scher, Pieter Schoolwerth, Hans Schork, Emil Schult, Bernhard Schultze, Thomas Sch\u00fctte, Norbert Schwontkowski, SEO, Katharina Sieverding, Turi Simeti, Andreas Slominski, Kiki Smith, Bosco Sodi, Monika Sosnowska, Jes\u00fas Rafael Soto, Daniel Stegmann Mangran\u00e9, Frank Stella, Britta Thie, Rosemarie Trockel, Tatiana Trouv\u00e9, \u00a0Lee Ufan, Wolf Vostell, Emily Wardil, Andy Warhol, Corinne Wasmuth, Matthias Weischer, Birgit Werres, Tom Wesselmann, Sascha Wiederhold, Katharina Wulff, Erwin Wurm, Guan Xiao, He Xiangyu, Liu Ye, Anika Yi, Heimo Zobernig, Beat Zoderer<\/p>\n<p style=\"text-align: justify;\"><strong>XVI-XIX secolo (selezione)<\/strong><br \/>\nOswald Achenbach, Wilhelm van Aelst, Georg Wilhelm Kurf\u00fcrst zu Brandenburg, C.E. Boettcher, Nicolaes Berchem, Charles Collins,\u00a0 Lovis Corinth,\u00a0 A. Cuyp (Friedrich Loos), Mathias Cwickzek, Friedrich Epp, Henri Evenepoel,\u00a0 Anselm Feuerbach, Vincent van Gogh, Philipp Albert Gliemann, Fritz Grewenig, Louis Gurlitt, Hermann R. Hardorff, Hans Hassenteufel, Melchior de Hondecoeter, Johan Barthold Jongkind, P. Joubert, A. Kaulbach, Ernst Ludwig Kirchner,\u00a0 Ejnar R. Kragh, Adam M\u00e1nyoki, Jan Mijtens, Otto Modersohn, Jan de Momper, Max Pechstein, Auguste Renoir, Julius Rehder, Johann Elias Ridinger, Prof. B. Rode, Philipp R\u00f6th, D. Ryckaert III, School of Fontainebleau, Sienesische Schule, Alfonso Spigna,\u00a0 Simone de Tintore, Jacopo Tintoretto, Johann Heinrich Tischbein, Lesser Ury, William Howard Yorke, Max Zander<\/p>\n[\/vc_column_text][\/vc_column][\/vc_row]\n","protected":false},"excerpt":{"rendered":"<p>[vc_row][vc_column][vc_masonry_media_grid gap=&#8220;20&#8243; item=&#8220;1090&#8243; initial_loading_animation=&#8220;none&#8220; grid_id=&#8220;vc_gid:1737042357888-db06c121-1284-7&#8243; include=&#8220;359,358,357,1356,367,1882&#8243;][\/vc_column][\/vc_row][vc_row][vc_column][vc_column_text] Artisti XX-XXI secolo (selezione) Carla Accardi, Etel Adnan, Kai Althoff, Nevin Aladag, Josef Albers, Cristian Andersen, Kathryn Andrews, Mona Ardeleanu, Arman, John Armleder, Evelyne Axel, Stephan Balkenhol, Georg Baselitz, Basquiat, Thomas Bayrle, Lynda Benglis, Max Bill, Bonfils, AA Bronson, Bertozzi &amp; Casoni, Norbert Bisky, Anna Boghiguian, Cosima von Bonin,&hellip;<\/p>\n","protected":false},"author":1,"featured_media":0,"parent":0,"menu_order":0,"comment_status":"closed","ping_status":"closed","template":"","meta":{"footnotes":""},"class_list":["post-1612","page","type-page","status-publish","hentry","entry","no-media"],"_links":{"self":[{"href":"https:\/\/roeck-restaurierung.de\/wordpress\/wp-json\/wp\/v2\/pages\/1612","targetHints":{"allow":["GET"]}}],"collection":[{"href":"https:\/\/roeck-restaurierung.de\/wordpress\/wp-json\/wp\/v2\/pages"}],"about":[{"href":"https:\/\/roeck-restaurierung.de\/wordpress\/wp-json\/wp\/v2\/types\/page"}],"author":[{"embeddable":true,"href":"https:\/\/roeck-restaurierung.de\/wordpress\/wp-json\/wp\/v2\/users\/1"}],"replies":[{"embeddable":true,"href":"https:\/\/roeck-restaurierung.de\/wordpress\/wp-json\/wp\/v2\/comments?post=1612"}],"version-history":[{"count":7,"href":"https:\/\/roeck-restaurierung.de\/wordpress\/wp-json\/wp\/v2\/pages\/1612\/revisions"}],"predecessor-version":[{"id":1939,"href":"https:\/\/roeck-restaurierung.de\/wordpress\/wp-json\/wp\/v2\/pages\/1612\/revisions\/1939"}],"wp:attachment":[{"href":"https:\/\/roeck-restaurierung.de\/wordpress\/wp-json\/wp\/v2\/media?parent=1612"}],"curies":[{"name":"wp","href":"https:\/\/api.w.org\/{rel}","templated":true}]}}