{"id":20,"date":"2014-08-07T11:08:53","date_gmt":"2014-08-07T09:08:53","guid":{"rendered":"https:\/\/roeck-restaurierung.de\/wordpress\/?page_id=20"},"modified":"2022-03-17T18:39:30","modified_gmt":"2022-03-17T16:39:30","slug":"presse","status":"publish","type":"page","link":"https:\/\/roeck-restaurierung.de\/wordpress\/de\/presse\/","title":{"rendered":"Presse"},"content":{"rendered":"[vc_row][vc_column][vc_masonry_media_grid gap=&#8220;20&#8243; item=&#8220;1090&#8243; grid_id=&#8220;vc_gid:1647534719920-aa94f318-f069-1&#8243; include=&#8220;1216,1219,1217&#8243;][\/vc_column][\/vc_row][vc_row][vc_column width=&#8220;2\/3&#8243; css=&#8220;.vc_custom_1636988959402{padding-right: 2rem !important;}&#8220;][vc_column_text]\n<h2>Presse<\/h2>\n<p><strong>August 2021<br \/>\n<\/strong><a href=\"https:\/\/www.ernst-von-siemens-kunststiftung.de\/objekt\/zur\u00fcck-zu-altem-farbrausch-restaurierung-der-spektakul\u00e4ren-erwerbung-bogensch\u00fctzen-f\u00fcr-die-neue-nationalgalerie-in-berlin.html\" target=\"_blank\" rel=\"noopener\">Ernst-von-Siemens-Stiftung: <em>Zur\u00fcck zu altem Farbrausch &#8211; Restaurierung der spektakul\u00e4ren Erwerbung &#8222;Bogensch\u00fctzen&#8220; f\u00fcr die Neue Nationalgalerie in Berlin<\/em><\/a><\/p>\n<p><strong>2020<br \/>\n<\/strong><a href=\"https:\/\/mitvergnuegen.com\/artvergnuegen\/artvergnuegen-54-featuring-katharina-martinelli\/\">https:\/\/mitvergnuegen.com\/artvergnuegen\/artvergnuegen-54-featuring-katharina-martinelli\/<\/a><\/p>\n<p><strong>11. Juli 2020<br \/>\n<\/strong><a href=\"https:\/\/www.kn-online.de\/Region\/Ploen\/Bilderbibel-im-Kloster-Preetz-Neuer-Glanz-fuer-Absalom-und-Uria\" target=\"_blank\" rel=\"noopener\">Kieler Nachrichten: <em>Bilderbibel im Kloster Preetz &#8211; Neuer Glanz f\u00fcr Absalom und Uria\u00a0<\/em><\/a><\/p>\n<p><strong>4. September 2013<br \/>\n<\/strong><a href=\"http:\/\/www.der-reporter.de\/new\/?q=ploenpreetz\/nachrichten\/neuer-glanz-f\u00fcr-die-preetzer-bilderbibel\/\" target=\"_blank\" rel=\"noopener\">Der Reporter: <em>Neuer Glanz f\u00fcr die Preetzer Bilderbibel<\/em><\/a><\/p>\n<p><strong>August 2013<\/strong><a href=\"http:\/\/www.der-reporter.de\/new\/?q=ploenpreetz\/nachrichten\/neuer-glanz-f\u00fcr-die-preetzer-bilderbibel\/\" target=\"_blank\" rel=\"noopener\"><strong><br \/>\n<\/strong><\/a><a href=\"https:\/\/roeck-restaurierung.de\/wordpress\/wp-content\/uploads\/2014\/09\/RR_Monopol.pdf\" target=\"_blank\" rel=\"noopener\">Monopol Magazin f\u00fcr Kunst und Leben &#8211; S.68 &#8211; Report: <\/a><em><a href=\"https:\/\/roeck-restaurierung.de\/wordpress\/wp-content\/uploads\/2014\/09\/RR_Monopol.pdf\" target=\"_blank\" rel=\"noopener\">Gegen die Zeit<br \/>\n<\/a><\/em>(PDF)<\/p>\n<p><strong>14. August 2013<br \/>\n<\/strong><a href=\"http:\/\/www.kn-online.de\/Lokales\/Ploen\/Strichweise-biblische-Geschichten\/\" target=\"_blank\" rel=\"noopener\">Kieler Nachrichten: <em>Strichweise biblische Geschichten<\/em><\/a><\/p>\n<p><strong>17. Juli 2013<br \/>\n<\/strong><a href=\"http:\/\/www.artparasites.com\/people\/focus-life-art-conservator-1170\" target=\"_blank\" rel=\"noopener\">Berlin Art Parasites: Interview: Art Restorer Katharina Martinelli<\/a><br \/>\n<a href=\"http:\/\/www.artparasites.com\/people\/focus-life-art-conservator-1170\" target=\"_blank\" rel=\"noopener\"> <em>In Focus: The Life Of An Art Conservator<\/em><\/a><\/p>\n<p><strong>23. M\u00e4rz\u00a02012<\/strong><em><br \/>\n<\/em><a href=\"http:\/\/www.theartdossier.com\/features\/qa-katharina-roeck-conservator\/\" target=\"_blank\" rel=\"noopener\">The Art Dossier: <em>A Q&amp;A with Katharina Roeck, Contemporary Art Conservator<\/em><\/a><\/p>\n<p><strong>Mai\/Juni 2011<\/strong><br \/>\n<a href=\"https:\/\/roeck-restaurierung.de\/wordpress\/wp-content\/uploads\/2014\/09\/articolo-uomo-vogue2.jpeg\" target=\"_blank\" rel=\"noopener\">Uomo Vogue<\/a>[\/vc_column_text]<div class=\"vcex-spacing wpex-w-100 wpex-clear\"><\/div>[\/vc_column][vc_column width=&#8220;1\/3&#8243;][\/vc_column][\/vc_row]\n","protected":false},"excerpt":{"rendered":"<p>[vc_row][vc_column][vc_masonry_media_grid gap=&#8220;20&#8243; item=&#8220;1090&#8243; grid_id=&#8220;vc_gid:1647534719920-aa94f318-f069-1&#8243; include=&#8220;1216,1219,1217&#8243;][\/vc_column][\/vc_row][vc_row][vc_column width=&#8220;2\/3&#8243; css=&#8220;.vc_custom_1636988959402{padding-right: 2rem !important;}&#8220;][vc_column_text] Presse August 2021 Ernst-von-Siemens-Stiftung: Zur\u00fcck zu altem Farbrausch &#8211; Restaurierung der spektakul\u00e4ren Erwerbung &#8222;Bogensch\u00fctzen&#8220; f\u00fcr die Neue Nationalgalerie in Berlin 2020 https:\/\/mitvergnuegen.com\/artvergnuegen\/artvergnuegen-54-featuring-katharina-martinelli\/ 11. Juli 2020 Kieler Nachrichten: Bilderbibel im Kloster Preetz &#8211; Neuer Glanz f\u00fcr Absalom und Uria\u00a0 4. September 2013 Der Reporter: Neuer Glanz f\u00fcr&hellip;<\/p>\n","protected":false},"author":1,"featured_media":0,"parent":0,"menu_order":0,"comment_status":"open","ping_status":"open","template":"","meta":{"footnotes":""},"class_list":["post-20","page","type-page","status-publish","hentry","entry","no-media"],"_links":{"self":[{"href":"https:\/\/roeck-restaurierung.de\/wordpress\/wp-json\/wp\/v2\/pages\/20","targetHints":{"allow":["GET"]}}],"collection":[{"href":"https:\/\/roeck-restaurierung.de\/wordpress\/wp-json\/wp\/v2\/pages"}],"about":[{"href":"https:\/\/roeck-restaurierung.de\/wordpress\/wp-json\/wp\/v2\/types\/page"}],"author":[{"embeddable":true,"href":"https:\/\/roeck-restaurierung.de\/wordpress\/wp-json\/wp\/v2\/users\/1"}],"replies":[{"embeddable":true,"href":"https:\/\/roeck-restaurierung.de\/wordpress\/wp-json\/wp\/v2\/comments?post=20"}],"version-history":[{"count":33,"href":"https:\/\/roeck-restaurierung.de\/wordpress\/wp-json\/wp\/v2\/pages\/20\/revisions"}],"predecessor-version":[{"id":1222,"href":"https:\/\/roeck-restaurierung.de\/wordpress\/wp-json\/wp\/v2\/pages\/20\/revisions\/1222"}],"wp:attachment":[{"href":"https:\/\/roeck-restaurierung.de\/wordpress\/wp-json\/wp\/v2\/media?parent=20"}],"curies":[{"name":"wp","href":"https:\/\/api.w.org\/{rel}","templated":true}]}}