{"id":26,"date":"2014-08-07T11:09:45","date_gmt":"2014-08-07T09:09:45","guid":{"rendered":"https:\/\/roeck-restaurierung.de\/wordpress\/?page_id=26"},"modified":"2025-01-16T17:08:42","modified_gmt":"2025-01-16T15:08:42","slug":"restaurierung","status":"publish","type":"page","link":"https:\/\/roeck-restaurierung.de\/wordpress\/de\/restaurierung\/","title":{"rendered":"Konservierung\/Restaurierung"},"content":{"rendered":"[vc_row][vc_column][vc_masonry_media_grid gap=&#8220;20&#8243; item=&#8220;1090&#8243; initial_loading_animation=&#8220;none&#8220; grid_id=&#8220;vc_gid:1737040079993-07ccd629-74f6-10&#8243; include=&#8220;328,1886,1874,1879,1891,1893&#8243;][\/vc_column][\/vc_row][vc_row][vc_column width=&#8220;2\/3&#8243;][vc_column_text]\n<h2>Konservierung \/ Restaurierung<\/h2>\n<p><strong>von historischen, modernen und zeitgen\u00f6ssischen Gem\u00e4lden sowie von Objekten, Skulpturen und Installationen<\/strong><\/p>\n<ul>\n<li>Objektuntersuchung<\/li>\n<li>Schadensermittlung (schriftliches Gutachten f\u00fcr Versicherungen)<\/li>\n<li>Erstellung von Restaurierungsangeboten mit\u00a0Konservierungs- und Restaurierungskonzept<\/li>\n<li>Durchf\u00fchrung von Konservierungs- und Restaurierungsma\u00dfnahmen<\/li>\n<li>Schriftliche und fotografische Dokumentation der durchgef\u00fchrten Massnahmen<\/li>\n<\/ul>\n[\/vc_column_text][\/vc_column][\/vc_row]\n","protected":false},"excerpt":{"rendered":"<p>[vc_row][vc_column][vc_masonry_media_grid gap=&#8220;20&#8243; item=&#8220;1090&#8243; initial_loading_animation=&#8220;none&#8220; grid_id=&#8220;vc_gid:1737040079993-07ccd629-74f6-10&#8243; include=&#8220;328,1886,1874,1879,1891,1893&#8243;][\/vc_column][\/vc_row][vc_row][vc_column width=&#8220;2\/3&#8243;][vc_column_text] Konservierung \/ Restaurierung von historischen, modernen und zeitgen\u00f6ssischen Gem\u00e4lden sowie von Objekten, Skulpturen und Installationen Objektuntersuchung Schadensermittlung (schriftliches Gutachten f\u00fcr Versicherungen) Erstellung von Restaurierungsangeboten mit\u00a0Konservierungs- und Restaurierungskonzept Durchf\u00fchrung von Konservierungs- und Restaurierungsma\u00dfnahmen Schriftliche und fotografische Dokumentation der durchgef\u00fchrten Massnahmen [\/vc_column_text][\/vc_column][\/vc_row]<\/p>\n","protected":false},"author":1,"featured_media":0,"parent":0,"menu_order":0,"comment_status":"closed","ping_status":"closed","template":"","meta":{"footnotes":""},"class_list":["post-26","page","type-page","status-publish","hentry","entry","no-media"],"_links":{"self":[{"href":"https:\/\/roeck-restaurierung.de\/wordpress\/wp-json\/wp\/v2\/pages\/26","targetHints":{"allow":["GET"]}}],"collection":[{"href":"https:\/\/roeck-restaurierung.de\/wordpress\/wp-json\/wp\/v2\/pages"}],"about":[{"href":"https:\/\/roeck-restaurierung.de\/wordpress\/wp-json\/wp\/v2\/types\/page"}],"author":[{"embeddable":true,"href":"https:\/\/roeck-restaurierung.de\/wordpress\/wp-json\/wp\/v2\/users\/1"}],"replies":[{"embeddable":true,"href":"https:\/\/roeck-restaurierung.de\/wordpress\/wp-json\/wp\/v2\/comments?post=26"}],"version-history":[{"count":105,"href":"https:\/\/roeck-restaurierung.de\/wordpress\/wp-json\/wp\/v2\/pages\/26\/revisions"}],"predecessor-version":[{"id":1921,"href":"https:\/\/roeck-restaurierung.de\/wordpress\/wp-json\/wp\/v2\/pages\/26\/revisions\/1921"}],"wp:attachment":[{"href":"https:\/\/roeck-restaurierung.de\/wordpress\/wp-json\/wp\/v2\/media?parent=26"}],"curies":[{"name":"wp","href":"https:\/\/api.w.org\/{rel}","templated":true}]}}